{"id":162,"date":"2021-01-21T19:34:19","date_gmt":"2021-01-21T18:34:19","guid":{"rendered":"https:\/\/kvlu20.ccee.ch\/kellerrita\/?post_type=product&amp;p=162"},"modified":"2021-01-21T19:34:19","modified_gmt":"2021-01-21T18:34:19","slug":"herzschale","status":"publish","type":"product","link":"https:\/\/ein-klang-sein.ch\/?product=herzschale","title":{"rendered":"Herzschale"},"content":{"rendered":"<p>Die Herzschale kommt im Bereich des Herzens, der Schulterbl\u00e4tter und des Halsansatzes zum Einsatz. Die helleren, h\u00f6heren T\u00f6ne k\u00f6nnen sanft Blockaden und Stauungen l\u00f6sen.<\/p>\n","protected":false},"excerpt":{"rendered":"<p>Die Herzschale kommt im Bereich des Herzens, der Schulterbl\u00e4tter und des Halsansatzes zum Einsatz. Die helleren, h\u00f6heren T\u00f6ne k\u00f6nnen sanft Blockaden und Stauungen l\u00f6sen.<\/p>\n","protected":false},"featured_media":143,"comment_status":"open","ping_status":"closed","template":"","meta":[],"product_cat":[22],"product_tag":[],"_links":{"self":[{"href":"https:\/\/ein-klang-sein.ch\/index.php?rest_route=\/wp\/v2\/product\/162"}],"collection":[{"href":"https:\/\/ein-klang-sein.ch\/index.php?rest_route=\/wp\/v2\/product"}],"about":[{"href":"https:\/\/ein-klang-sein.ch\/index.php?rest_route=\/wp\/v2\/types\/product"}],"replies":[{"embeddable":true,"href":"https:\/\/ein-klang-sein.ch\/index.php?rest_route=%2Fwp%2Fv2%2Fcomments&post=162"}],"wp:featuredmedia":[{"embeddable":true,"href":"https:\/\/ein-klang-sein.ch\/index.php?rest_route=\/wp\/v2\/media\/143"}],"wp:attachment":[{"href":"https:\/\/ein-klang-sein.ch\/index.php?rest_route=%2Fwp%2Fv2%2Fmedia&parent=162"}],"wp:term":[{"taxonomy":"product_cat","embeddable":true,"href":"https:\/\/ein-klang-sein.ch\/index.php?rest_route=%2Fwp%2Fv2%2Fproduct_cat&post=162"},{"taxonomy":"product_tag","embeddable":true,"href":"https:\/\/ein-klang-sein.ch\/index.php?rest_route=%2Fwp%2Fv2%2Fproduct_tag&post=162"}],"curies":[{"name":"wp","href":"https:\/\/api.w.org\/{rel}","templated":true}]}}