{"id":136,"date":"2021-01-21T16:06:39","date_gmt":"2021-01-21T15:06:39","guid":{"rendered":"https:\/\/kvlu20.ccee.ch\/kellerrita\/?post_type=product&amp;p=136"},"modified":"2021-01-21T16:06:39","modified_gmt":"2021-01-21T15:06:39","slug":"klangschalenuntersetzer-2","status":"publish","type":"product","link":"https:\/\/ein-klang-sein.ch\/?product=klangschalenuntersetzer-2","title":{"rendered":"Klangschalenuntersetzer"},"content":{"rendered":"<p>Filzringe f\u00fcr Klangschalen mit Verzierung<\/p>\n<p>In drei Gr\u00f6\u00dfen erh\u00e4ltlich:<\/p>\n<p>Filzring, \u00d8 8 cm<br \/>\nF\u00fcr Zen, Kopfschalen, Bengali 20 und 30<\/p>\n<p>Filzring, \u00d8 12 cm<br \/>\nF\u00fcr Gelenkschalen, Solarplexusschale, kleine und gro\u00dfe Herzschalen, Bengali 45 und 70<\/p>\n<p>Filzring, \u00d8 16 cm<br \/>\nF\u00fcr kleine und gro\u00dfe Beckenschalen, Bengali 100 und 15<\/p>\n","protected":false},"excerpt":{"rendered":"<p>Filzringe f\u00fcr Klangschalen<\/p>\n","protected":false},"featured_media":145,"comment_status":"open","ping_status":"closed","template":"","meta":[],"product_cat":[23],"product_tag":[],"_links":{"self":[{"href":"https:\/\/ein-klang-sein.ch\/index.php?rest_route=\/wp\/v2\/product\/136"}],"collection":[{"href":"https:\/\/ein-klang-sein.ch\/index.php?rest_route=\/wp\/v2\/product"}],"about":[{"href":"https:\/\/ein-klang-sein.ch\/index.php?rest_route=\/wp\/v2\/types\/product"}],"replies":[{"embeddable":true,"href":"https:\/\/ein-klang-sein.ch\/index.php?rest_route=%2Fwp%2Fv2%2Fcomments&post=136"}],"wp:featuredmedia":[{"embeddable":true,"href":"https:\/\/ein-klang-sein.ch\/index.php?rest_route=\/wp\/v2\/media\/145"}],"wp:attachment":[{"href":"https:\/\/ein-klang-sein.ch\/index.php?rest_route=%2Fwp%2Fv2%2Fmedia&parent=136"}],"wp:term":[{"taxonomy":"product_cat","embeddable":true,"href":"https:\/\/ein-klang-sein.ch\/index.php?rest_route=%2Fwp%2Fv2%2Fproduct_cat&post=136"},{"taxonomy":"product_tag","embeddable":true,"href":"https:\/\/ein-klang-sein.ch\/index.php?rest_route=%2Fwp%2Fv2%2Fproduct_tag&post=136"}],"curies":[{"name":"wp","href":"https:\/\/api.w.org\/{rel}","templated":true}]}}