{"id":70,"date":"2021-01-07T18:23:20","date_gmt":"2021-01-07T17:23:20","guid":{"rendered":"https:\/\/kvlu20.ccee.ch\/kellerrita\/?page_id=70"},"modified":"2021-01-07T18:23:20","modified_gmt":"2021-01-07T17:23:20","slug":"allgemeine-geschaeftsbedingungen","status":"publish","type":"page","link":"https:\/\/ein-klang-sein.ch\/?page_id=70","title":{"rendered":"Allgemeine Gesch\u00e4ftsbedingungen"},"content":{"rendered":"\n<h2>1 Geltungsbereich<\/h2>\n\n\n\n<p><strong>F\u00fcr alle Bestellungen \u00fcber unsere Website gelten die nachfolgenden Allgemeinen Gesch\u00e4ftsbedingungen (AGB). Das Angebot auf dieser Website richtet sich ausschliesslich an Konsumentinnen und Konsumenten mit Wohnsitz in der Schweiz (nachfolgend <\/strong>\u00ab<strong>Kunde<\/strong>\u00bb<strong>).<\/strong><\/p>\n\n\n\n<p>Als Konsumentin oder Konsument wird eine nat\u00fcrliche Person bezeichnet, die mit &lt;SHOPNAME&gt;gesch\u00e4ftliche Beziehungen pflegt, die weder ihrer gewerblichen noch ihrer selbstst\u00e4ndigen beruflichen T\u00e4tigkeit zugeordnet werden kann. Bestellungen in nicht haushalts\u00fcblichen Mengen k\u00f6nnen ohne Begr\u00fcndung abgelehnt werden.<\/p>\n\n\n\n<p>&lt;SHOPNAME&gt;beh\u00e4lt sich das Recht vor, diese AGB jederzeit zu \u00e4ndern. Massgebend ist jeweils die zum Zeitpunkt der Bestellung geltende Version dieser AGB, die f\u00fcr diese Bestellung nicht einseitig ge\u00e4ndert werden k\u00f6nnen. Entgegenstehende oder von diesen AGB abweichende Bedingungen der Kundschaft werden nicht anerkannt.<\/p>\n\n\n\n<p><strong>Der Betreiber dieses Internetauftritts ist &lt;SHOPNAME&gt; (&gt;Impressum).<\/strong><\/p>\n\n\n\n<h2>2 Informationen auf dieser Website<\/h2>\n\n\n\n<p>&lt;SHOPNAME&gt; enth\u00e4lt Informationen \u00fcber Produkte und Dienstleistungen. Preis- und Sortiments\u00e4nderungen sowie technische \u00c4nderungen bleiben vorbehalten. Alle Angaben auf &lt;www.SHOPNAME.ch&gt; (Produktbeschreibungen, Abbildungen, Illustrationen, Filme, Masse, Gewichte, technische Spezifikationen, Zubeh\u00f6rbeziehungen und sonstige Angaben) dienen der Illustration und sind als unverbindliche N\u00e4herungswerte zu verstehen. Sie stellen insbesondere keine Zusicherung von Eigenschaften oder Garantien dar, ausser es ist explizit anders vermerkt. &lt;SHOPNAME&gt;bem\u00fcht sich, s\u00e4mtliche Angaben und Informationen auf dieser Website korrekt, vollst\u00e4ndig, aktuell und \u00fcbersichtlich bereitzustellen, jedoch kann &lt;SHOPNAME&gt;weder ausdr\u00fccklich noch stillschweigend daf\u00fcr Gew\u00e4hr leisten.<\/p>\n\n\n\n<p>S\u00e4mtliche Angebote auf dieser Website gelten als freibleibend und sind nicht als verbindliche Offerte zu verstehen.<\/p>\n\n\n\n<p>&lt;SHOPNAME&gt; kann keine Garantie abgeben, dass die aufgef\u00fchrten Produkte zum Zeitpunkt der Bestellung verf\u00fcgbar sind. Daher sind alle Angaben zu Verf\u00fcgbarkeit und Lieferzeiten ohne Gew\u00e4hr und k\u00f6nnen sich jederzeit und ohne Ank\u00fcndigung \u00e4ndern.<\/p>\n\n\n\n<h2>3 Preise<\/h2>\n\n\n\n<p>Die auf &lt;SHOPNAME&gt; angegebenen Verkaufspreise stellen Endpreise dar und beinhalten, wenn nicht anders vermerkt, die gesetzliche Mehrwertsteuer und allf\u00e4llige weitere gesetzliche Abgaben wie vorgezogene Recyclinggeb\u00fchren (VRG) oder Urheberrechtsabgaben bei Elektronikger\u00e4ten. Die Preise verstehen sich rein netto in Schweizer Franken (CHF).<\/p>\n\n\n\n<p>Allf\u00e4llige Versandkosten werden, wo nicht anders vorgesehen, zus\u00e4tzlich verrechnet und sind durch den Kunden zu bezahlen. Versandkosten werden im Bestellprozess separat ausgewiesen.<\/p>\n\n\n\n<p>Technische \u00c4nderungen, Irrt\u00fcmer und Druckfehler bleiben vorbehalten, insbesondere kann &lt;SHOPNAME&gt; Preis\u00e4nderungen jederzeit und ohne Vorank\u00fcndigungen vornehmen. In den Verkaufspreisen sind keine Beratungs- und Supportdienstleistungen inbegriffen.<\/p>\n\n\n\n<h2>4 Vertragsabschluss<\/h2>\n\n\n\n<p>Die Produkte und Preise auf dieser Website gelten als unverbindliche Angebote.<\/p>\n\n\n\n<p>Mit der Bestellung \u00fcber diese Website inklusive der Annahme dieser AGB gibt der Kunde ein rechtlich verbindliches Angebot zum Vertragsabschluss ab. &lt;SHOPNAME&gt; versendet daraufhin eine automatische Bestelleingangsbest\u00e4tigung per E-Mail, welche best\u00e4tigt, dass das Angebot des Kunden bei &lt;SHOPNAME&gt; eingegangen ist. Get\u00e4tigte Bestellungen sind f\u00fcr den Kunden verbindlich. Wo nicht anders vermerkt, gibt es kein R\u00fcckgabe- bzw. R\u00fccktrittsrecht.<\/p>\n\n\n\n<p>Der Vertrag kommt zustande, sobald &lt;SHOPNAME&gt; eine Annahmeerkl\u00e4rung per E-Mail versendet, worin der Versand der bestellten Produkte oder Dienstleistungen best\u00e4tigt wird.<\/p>\n\n\n\n<p>Bestellungen werden erst nach vollst\u00e4ndigem Zahlungseingang (Ausnahme: Lieferung gegen Rechnung) und sofern die Waren verf\u00fcgbar sind, ausgeliefert. Ergibt sich, dass die bestellten Waren nicht oder nicht vollst\u00e4ndig geliefert werden k\u00f6nnen, ist &lt;SHOPNAME&gt; berechtigt, die Bestellung nicht oder nur teilweise anzunehmen bzw. auszuf\u00fchren. In einem solchen Fall wird &lt;SHOPNAME&gt; den Kunden per E-Mail informieren. Sollte die Zahlung des Kunden bereits bei &lt;SHOPNAME&gt; eingegangen sein, wird die Zahlung dem Kunden zur\u00fcckerstattet. Ist noch keine Zahlung erfolgt, wird der Kunde von der Zahlungspflicht befreit.<\/p>\n\n\n\n<h2>5 Zahlungsm\u00f6glichkeiten und Eigentumsvorbehalt<\/h2>\n\n\n\n<p>Dem Kunden stehen die im Bestellvorgang angegebenen Zahlungsm\u00f6glichkeiten zur Verf\u00fcgung.<\/p>\n\n\n\n<p>&lt;SHOPNAME&gt; beh\u00e4lt sich das Recht vor, Kunden ohne Angabe von Gr\u00fcnden von einzelnen Zahlungsm\u00f6glichkeiten auszuschliessen oder auf Vorauskasse zu bestehen.<\/p>\n\n\n\n<p>&lt;SHOPNAME&gt; kann bei Zahlungsverzug des Kunden Verzugszinsen von 5% pro Jahr sowie eine Mahngeb\u00fchr von maximal CHF&nbsp;20.\u2013 pro Mahnung erheben.<\/p>\n\n\n\n<p>Die dem Kunden gelieferten Produkte bleiben bis zur vollst\u00e4ndigen Bezahlung im Eigentum von &lt;SHOPNAME&gt;.<\/p>\n\n\n\n<h2>6 Lieferung, Pr\u00fcfpflicht, M\u00e4ngelr\u00fcge und R\u00fccksendung<\/h2>\n\n\n\n<p>Die Lieferungen werden per Post oder Kurierdienst an die vom Kunden in der Bestellung angegebene Adresse versandt.<\/p>\n\n\n\n<p>&lt;SHOPNAME&gt; ist bem\u00fcht m\u00f6glichst kurze Lieferfristen einzuhalten. Allf\u00e4llig in der Bestellbest\u00e4tigung angegebene Lieferfristen sind jedoch unverbindlich. &lt;SHOPNAME&gt; ist zu Teillieferungen berechtigt. Die Versandkosten werden in diesem Fall dem Kunden nur einmal berechnet.<\/p>\n\n\n\n<p>Der Versand der Rechnung, soweit Lieferung gegen Rechnung angeboten wird, erfolgt nach Wahl von &lt;SHOPNAME&gt; per E-Mail oder auf dem Postweg.<\/p>\n\n\n\n<p>Ist die Lieferung nicht zustellbar oder verweigert der Kunde die Annahme der Lieferung, kann &lt;SHOPNAME&gt; den Vertrag nach einer Mitteilung per E-Mail an den Kunden und unter Einhaltung einer angemessenen Nachfrist aufl\u00f6sen sowie die Kosten f\u00fcr die Umtriebe in Rechnung stellen.<\/p>\n\n\n\n<p>Der Kunde ist verpflichtet, die gelieferten Waren sofort nach Eingang der Lieferung zu pr\u00fcfen und allf\u00e4llige M\u00e4ngel, f\u00fcr die &lt;SHOPNAME&gt; Gew\u00e4hr leistet, unverz\u00fcglich schriftlich per Brief oder E-Mail an die Adresse im Impressum (&gt;Impressum) anzuzeigen.<\/p>\n\n\n\n<p>R\u00fccksendungen an &lt;SHOPNAME&gt; erfolgen auf Rechnung und Gefahr des Kunden. Der Kunde hat die Waren originalverpackt, komplett mit allem Zubeh\u00f6r und zusammen mit dem Lieferschein und einer ausf\u00fchrlichen Beschreibung der M\u00e4ngel an die von &lt;SHOPNAME&gt; im Impressum (&gt;Impressum) angegebene R\u00fccksendeadresse zu schicken.<\/p>\n\n\n\n<p>Ergibt sich bei der Pr\u00fcfung durch &lt;SHOPNAME&gt;, dass die Waren keine feststellbaren M\u00e4ngel aufweisen oder diese nicht unter die Garantie des Herstellers fallen, kann &lt;SHOPNAME&gt; die Umtriebe, die R\u00fccksendung oder die allf\u00e4llige Entsorgung dem Kunden in Rechnung stellen.<\/p>\n\n\n\n<h2>7 Widerrufsrecht<\/h2>\n\n\n\n<p>Dem Kunden wird w\u00e4hrend 10 Kalendertagen nach Erhalt der Ware ein Widerrufsrecht gew\u00e4hrt. Die Frist gilt als eingehalten, wenn der Kunde den schriftlichen Widerruf per E-Mail oder Brief (Adresse gem\u00e4ss Impressum, &gt;Impressum) innerhalb der Frist an &lt;SHOPNAME&gt; abschickt. Der Widerruf bedarf keiner Begr\u00fcndung.<\/p>\n\n\n\n<p>Die Aus\u00fcbung des Widerrufsrechts f\u00fchrt zu einer R\u00fcckabwicklung des Vertrages. Der Kunde muss die Waren innert 10 Kalendertagen originalverpackt, komplett mit allem Zubeh\u00f6r und zusammen mit dem Lieferschein an die von &lt;SHOPNAME&gt; angegebene R\u00fccksendeadresse im Impressum (&gt;Impressum) zur\u00fccksenden. R\u00fccksendungen an &lt;SHOPNAME&gt; erfolgen auf Rechnung und Gefahr des Kunden. Eine allenfalls bereits geleistete Zahlung wird innerhalb von 20 Kalendertagen an den Kunden zur\u00fcckerstattet, sofern &lt;SHOPNAME&gt; die Ware bereits zur\u00fcckerhalten hat oder der Kunde einen Versandnachweis erbringen kann.<\/p>\n\n\n\n<p>&lt;SHOPNAME&gt; beh\u00e4lt sich vor, f\u00fcr Besch\u00e4digungen, \u00fcberm\u00e4ssige Abnutzung oder Wertverlust aufgrund unsachgem\u00e4ssen Umgangs angemessenen Entsch\u00e4digung zu verlangen und die Wertminderung vom bereits bezahlten Kaufpreis abzuziehen oder dem Kunden in Rechnung zu stellen.<\/p>\n\n\n\n<p>In folgenden F\u00e4llen wird kein Widerrufsrecht gew\u00e4hrt:<\/p>\n\n\n\n<ul><li>Wenn der Vertrag ein Zufallselement hat, namentlich weil der Preis Schwankungen unterliegt, auf die der Anbieter keinen Einfluss hat;<\/li><li>Wenn der Vertrag eine bewegliche Sache zum Gegenstand hat, die aufgrund ihrer Beschaffenheit nicht f\u00fcr eine R\u00fccksendung geeignet ist oder schnell verderben kann;<\/li><li>Wenn der Vertrag eine bewegliche Sache zum Gegenstand hat, die nach Vorgaben des Kunden angefertigt wird oder eindeutig auf pers\u00f6nliche Bed\u00fcrfnisse zugeschnitten ist;<\/li><li>Wenn der Vertrag digitale Inhalte zum Gegenstand hat und diese Inhalte nicht auf einem festen Datentr\u00e4ger zur Verf\u00fcgung gestellt werden oder wenn der Vertrag von beiden Vertragsparteien sofort vollst\u00e4ndig zu erf\u00fcllen ist;<\/li><li>Wenn der Vertrag eine Dienstleistung zum Gegenstand hat und der Vertrag vom Anbieter mit der vorg\u00e4ngigen ausdr\u00fccklichen Zustimmung des Kunden vollst\u00e4ndig zu erf\u00fcllen ist, bevor die Widerrufsfrist abgelaufen ist.&nbsp;<\/li><li>In den Bereichen Unterbringung, Bef\u00f6rderung, Lieferung von Speisen und Getr\u00e4nken sowie Freizeitgestaltung, wenn sich der Anbieter bei Vertragsabschluss verpflichtet, die Dienstleistungen zu einem bestimmten Zeitpunkt oder innerhalb eines genau angegebenen Zeitraums zu erbringen.<\/li><\/ul>\n\n\n\n<h2>8 Gew\u00e4hrleistung<\/h2>\n\n\n\n<p>&lt;SHOPNAME&gt; bem\u00fcht sich, Waren in einwandfreier Qualit\u00e4t zu liefern. Bei rechtzeitig ger\u00fcgten M\u00e4ngeln \u00fcbernimmt &lt;SHOPNAME&gt; w\u00e4hrend der gesetzlichen Gew\u00e4hrleistungsfrist von in der Regel zwei Jahren seit dem Lieferdatum die Gew\u00e4hrleistung f\u00fcr M\u00e4ngelfreiheit und Funktionsf\u00e4higkeit des vom Kunden erworbenen Gegenstandes. Es liegt im Ermessen von &lt;SHOPNAME&gt; die Gew\u00e4hrleistung durch kostenlose Reparatur, gleichwertigen Ersatz oder durch R\u00fcckerstattung des Kaufpreises zu erbringen. Weitere Gew\u00e4hrleistungsrechte sind ausgeschlossen.<\/p>\n\n\n\n<p>Von der Gew\u00e4hrleistung werden die normale Abn\u00fctzung sowie die Folgen unsachgem\u00e4sser Behandlung oder Besch\u00e4digung durch den Kunden oder Drittpersonen sowie M\u00e4ngel, die auf \u00e4ussere Umst\u00e4nde zur\u00fcckzuf\u00fchren sind, nicht erfasst. Ebenso wird die Gew\u00e4hrleistung f\u00fcr Verbrauchs- und Verschleissteile (z.&nbsp;B. Batterien, Akkus, etc.) wegbedungen.<\/p>\n\n\n\n<p>&lt;SHOPNAME&gt; ist es nicht m\u00f6glich, Zusicherungen oder Garantien f\u00fcr die Aktualit\u00e4t, Vollst\u00e4ndigkeit und Korrektheit der Daten sowie f\u00fcr die st\u00e4ndige oder ungest\u00f6rte Verf\u00fcgbarkeit der Website, deren Funktionalit\u00e4ten, integrierten Hyperlinks und weiteren Inhalten abzugeben. Insbesondere wird weder zugesichert, noch garantiert, dass durch die Nutzung der Website keine Rechte von Dritten verletzt werden, die nicht im Besitz von &lt;SHOPNAME&gt; sind.<\/p>\n\n\n\n<h2>9 Haftung<\/h2>\n\n\n\n<p>&lt;SHOPNAME&gt; schliesst jede Haftung, unabh\u00e4ngig von ihrem Rechtsgrund, sowie Schadenersatzanspr\u00fcche gegen &lt;SHOPNAME&gt; und gegen allf\u00e4llige Hilfspersonen und Erf\u00fcllungsgehilfen aus. &lt;SHOPNAME&gt; haftet insbesondere nicht f\u00fcr indirekte Sch\u00e4den und Mangelfolgesch\u00e4den, entgangenen Gewinn oder sonstige Personen-, Sach- und reine Verm\u00f6genssch\u00e4den des Kunden. Vorbehalten bleibt eine weitergehende zwingende gesetzliche Haftung, beispielsweise f\u00fcr grobe Fahrl\u00e4ssigkeit oder rechtswidrige Absicht.<\/p>\n\n\n\n<p>&lt;SHOPNAME&gt; benutzt Hyperlinks lediglich f\u00fcr den vereinfachten Zugang des Kunden zu anderen Webangeboten. &lt;SHOPNAME&gt; kann weder den Inhalt dieser Webangebote im Einzelnen kennen, noch die Haftung oder sonstige Verantwortung f\u00fcr die Inhalte dieser Websites \u00fcbernehmen.<\/p>\n\n\n\n<h2>10 Datenschutz<\/h2>\n\n\n\n<p>&lt;SHOPNAME&gt; darf die im Rahmen des Vertragsschlusses aufgenommenen Daten zur Erf\u00fcllung der Verpflichtungen aus dem Kaufvertrag verarbeiten und nutzen sowie zu Marketingzwecken verwenden. Die zur Leistungserf\u00fcllung notwendigen Daten k\u00f6nnen auch an beauftrage Dienstleistungspartner (Logistikpartner) oder sonstigen Dritten weitergegeben werden.<\/p>\n\n\n\n<p>Die Datenschutzbestimmungen sind im Einzelnen unter folgendem Link abrufbar: (&gt;Link Datenschutz)<\/p>\n\n\n\n<h2>11 Teilung\u00fcltigkeit<\/h2>\n\n\n\n<p>Sollten sich einzelne Bestimmungen dieser AGB als unwirksam oder undurchf\u00fchrbar erweisen oder unwirksam oder undurchf\u00fchrbar werden, so bleibt dadurch die Wirksamkeit der \u00fcbrigen Bestimmungen unber\u00fchrt.<\/p>\n\n\n\n<h2>12 Weitere Bestimmungen<\/h2>\n\n\n\n<p>&lt;SHOPNAME&gt; beh\u00e4lt sich ausdr\u00fccklich vor, die vorliegenden AGB jederzeit zu \u00e4ndern und ohne Ank\u00fcndigung in Kraft zu setzen.<\/p>\n\n\n\n<p>Im Falle von Streitigkeiten kommt <strong>ausschliesslich materielles Schweizer Recht<\/strong> unter Ausschluss von kollisionsrechtlichen Normen zur Anwendung. Das UN-Kaufrecht (CISG, Wiener Kaufrecht) wird explizit ausgeschlossen.<\/p>\n\n\n\n<p><strong>Gerichtsstand ist &lt;Ort\/Sitz von SHOPNAME&gt; oder der Wohnsitz der Konsumentin oder des Konsumenten<\/strong>.<\/p>\n\n\n\n<h2>13 Kontakt<\/h2>\n\n\n\n<p>Bei Fragen zu diesen AGB bitte melden bei: (&gt;Impressum)<\/p>\n\n\n\n<p>Version 21. Februar 2020, nach: https:\/\/www.zertifizierte-shops.ch\/<\/p>\n","protected":false},"excerpt":{"rendered":"<p>1 Geltungsbereich F\u00fcr alle Bestellungen \u00fcber unsere Website gelten die nachfolgenden Allgemeinen Gesch\u00e4ftsbedingungen (AGB). Das Angebot auf dieser Website richtet sich ausschliesslich an Konsumentinnen und Konsumenten mit Wohnsitz in der Schweiz (nachfolgend \u00abKunde\u00bb). Als Konsumentin oder Konsument wird eine nat\u00fcrliche Person bezeichnet, die mit &lt;SHOPNAME&gt;gesch\u00e4ftliche Beziehungen pflegt, die weder ihrer gewerblichen noch ihrer selbstst\u00e4ndigen beruflichen [&hellip;]<\/p>\n","protected":false},"author":1,"featured_media":0,"parent":0,"menu_order":0,"comment_status":"closed","ping_status":"closed","template":"","meta":[],"_links":{"self":[{"href":"https:\/\/ein-klang-sein.ch\/index.php?rest_route=\/wp\/v2\/pages\/70"}],"collection":[{"href":"https:\/\/ein-klang-sein.ch\/index.php?rest_route=\/wp\/v2\/pages"}],"about":[{"href":"https:\/\/ein-klang-sein.ch\/index.php?rest_route=\/wp\/v2\/types\/page"}],"author":[{"embeddable":true,"href":"https:\/\/ein-klang-sein.ch\/index.php?rest_route=\/wp\/v2\/users\/1"}],"replies":[{"embeddable":true,"href":"https:\/\/ein-klang-sein.ch\/index.php?rest_route=%2Fwp%2Fv2%2Fcomments&post=70"}],"version-history":[{"count":0,"href":"https:\/\/ein-klang-sein.ch\/index.php?rest_route=\/wp\/v2\/pages\/70\/revisions"}],"wp:attachment":[{"href":"https:\/\/ein-klang-sein.ch\/index.php?rest_route=%2Fwp%2Fv2%2Fmedia&parent=70"}],"curies":[{"name":"wp","href":"https:\/\/api.w.org\/{rel}","templated":true}]}}