{"id":67,"date":"2021-01-07T18:19:08","date_gmt":"2021-01-07T17:19:08","guid":{"rendered":"https:\/\/kvlu20.ccee.ch\/kellerrita\/?page_id=67"},"modified":"2021-01-07T18:19:08","modified_gmt":"2021-01-07T17:19:08","slug":"datenschutzerklaerung","status":"publish","type":"page","link":"https:\/\/ein-klang-sein.ch\/?page_id=67","title":{"rendered":"Datenschutzerkl\u00e4rung"},"content":{"rendered":"\n<p><strong>meine-website.ch <\/strong>ist ein <strong>Angebot<\/strong> der <strong>Firma XY<\/strong>. Mit dieser Datenschutzerkl\u00e4rung informieren wir \u00fcber die Bearbeitung von Personendaten im Zusammenhang mit unserem Angebot. Wir k\u00f6nnen unsere Datenschutzerkl\u00e4rung jederzeit \u00e4ndern. Wir informieren \u00fcber solche \u00c4nderungen in geeigneter Form auf unserer Website.<\/p>\n\n\n\n<p>Unser Angebot unterliegt dem schweizerischen Datenschutzrecht sowie allenfalls anwendbarem ausl\u00e4ndischem Datenschutzrecht wie beispielsweise jenem der Europ\u00e4ischen Union (EU) mit der Datenschutz-Grundverordnung (DSGVO). Die EU anerkennt, dass das schweizerische Datenschutzrecht einen angemessenen Datenschutz gew\u00e4hrleistet.<\/p>\n\n\n\n<p>F\u00fcr einzelne und zus\u00e4tzliche Angebote und Leistungen k\u00f6nnen besondere, erg\u00e4nzende oder weitere Datenschutzerkl\u00e4rungen bestehen.<\/p>\n\n\n\n<p><strong>1 Bearbeitung von Personendaten<\/strong><\/p>\n\n\n\n<p>1.1 <strong>Personendaten<\/strong> sind alle Angaben, die sich auf eine bestimmte oder bestimmbare Person beziehen. Eine <strong>betroffene Person<\/strong> ist eine Person, \u00fcber die Personendaten bearbeitet werden. <strong>Bearbeiten<\/strong> umfasst <em>jeden<\/em> Umgang mit Personendaten, unabh\u00e4ngig von den angewandten Mitteln und Verfahren, insbesondere das Aufbewahren, Bekanntgeben, Beschaffen, L\u00f6schen, Speichern, Ver\u00e4ndern, Vernichten und Verwenden von Personendaten.<\/p>\n\n\n\n<p>1.2 Wir bearbeiten jene Personendaten, die erforderlich sind, um unser Angebot effektiv und nutzerfreundlich sowie dauerhaft, sicher und zuverl\u00e4ssig bereitstellen zu k\u00f6nnen.<\/p>\n\n\n\n<p>1.3 Wir bearbeiten Personendaten nur nach Einwilligung der betroffenen Person, es sei denn, die Bearbeitung ist aus anderen Gr\u00fcnden zul\u00e4ssig, beispielsweise zur Erf\u00fcllung eines Vertrages mit der betroffenen Person und f\u00fcr entsprechende vorvertragliche Massnahmen, um unsere \u00fcberwiegenden berechtigten Interessen zu wahren, weil die Bearbeitung aus den Umst\u00e4nden ersichtlich ist, oder nach vorg\u00e4ngiger Information. In diesem Rahmen bearbeiten wir insbesondere Angaben, die eine betroffene Person bei der Kontaktaufnahme \u2013 beispielsweise per Briefpost, E-Mail, Kontaktformular, Telefon oder Social Media \u2013 oder bei der freiwilligen Registrierung f\u00fcr ein Nutzerkonto selbst an uns \u00fcbermittelt. Wir k\u00f6nnen solche Angaben in einem Adressverzeichnis, oder mit vergleichbaren Hilfsmitteln speichern. Die Bearbeitung von Personendaten in direktem Zusammenhang mit Bewerberprofilen und Stelleninseraten erfolgt ausschliesslich mit Einwilligung der betroffenen Person.<\/p>\n\n\n\n<p>1.4 Wir bearbeiten Personendaten f\u00fcr jene <strong>Dauer<\/strong>, die f\u00fcr den jeweiligen Zweck oder die jeweiligen Zwecke erforderlich ist. Bei l\u00e4nger dauernden Aufbewahrungspflichten aufgrund von gesetzlichen und sonstigen Pflichten, denen wir unterliegen, schr\u00e4nken wir die Bearbeitung entsprechend ein.<\/p>\n\n\n\n<p>1.5 Wir k\u00f6nnen Personendaten durch Dritte \u2013 auch im Ausland \u2013 bearbeiten lassen. Solche <strong>Auftragsbearbeiter<\/strong> bearbeiten Personendaten in unserem Auftrag. Wir k\u00f6nnen Personendaten weiter mit Hilfe von Dritten \u2013 auch im Ausland \u2013 bearbeiten. Wir stellen jeweils sicher, dass solche Dritte einen angemessenen Datenschutz gew\u00e4hrleisten.<\/p>\n\n\n\n<p>1.6 Wir sind auf Social Media-Plattformen und anderen Online-Plattformen pr\u00e4sent, um mit Leserinnen und Lesern sowie weiteren interessierten Personen kommunizieren und \u00fcber unser Angebot informieren zu k\u00f6nnen. Es gelten jeweils die Allgemeinen Gesch\u00e4ftsbedingungen (AGB), Datenschutzerkl\u00e4rungen und sonstigen Bestimmungen der einzelnen Betreiberinnen und Betreiber.<\/p>\n\n\n\n<p><strong>2 Rechtsgrundlagen f\u00fcr die Bearbeitung von Personendaten<\/strong><\/p>\n\n\n\n<p>2.1 Wir bearbeiten Personendaten im Einklang mit dem schweizerischen Datenschutzrecht wie insbesondere dem Datenschutzgesetz (DSG).<\/p>\n\n\n\n<p>2.2 Wir bearbeiten \u2013 sofern und soweit die DSGVO anwendbar ist \u2013 Personendaten gem\u00e4ss folgenden Rechtsgrundlagen:<\/p>\n\n\n\n<ul><li>6 Abs. 1 lit. a DSGVO f\u00fcr die Bearbeitung von Personendaten mit Einwilligung der betroffenen Person.<\/li><li>6 Abs. 1 lit. b DSGVO f\u00fcr die erforderliche Bearbeitung von Personendaten zur Erf\u00fcllung eines Vertrages mit der betroffenen Person sowie zur Durchf\u00fchrung vorvertraglicher Massnahmen.<\/li><li>6 Abs. 1 lit. c DSGVO f\u00fcr die erforderliche Bearbeitung von Personendaten zur Erf\u00fcllung einer rechtlichen Verpflichtung, der wir gem\u00e4ss allenfalls anwendbarem Recht der EU oder gem\u00e4ss allenfalls anwendbarem Recht eines Landes, in dem die DSGVO ganz oder teilweise anwendbar ist, unterliegen.<\/li><li>6 Abs. 1 lit. d DSGVO f\u00fcr die erforderliche Bearbeitung von Personendaten um lebenswichtige Interessen der betroffenen Person oder einer anderen nat\u00fcrlichen Person zu sch\u00fctzen.<\/li><li>6 Abs. 1 lit. f DSGVO f\u00fcr die erforderliche Bearbeitung von Personendaten um die berechtigten Interessen von uns oder von Dritten zu wahren, sofern nicht die Grundfreiheiten und Grundrechte sowie Interessen der betroffenen Person \u00fcberwiegen. Berechtigte Interessen sind die Informations-, Medien- und Religionsfreiheit, unser betriebswirtschaftliches und religi\u00f6ses Interesse, das Angebot bereitstellen und daf\u00fcr werben zu k\u00f6nnen, die Informationssicherheit sowie der Schutz vor Missbrauch und unbefugter Nutzung, die Durchsetzung von eigenen rechtlichen Anspr\u00fcchen und die Einhaltung von schweizerischem Recht.<\/li><\/ul>\n\n\n\n<p><strong>3 Organisatorische und technische Massnahmen<\/strong><\/p>\n\n\n\n<p>3.1 Wir treffen angemessene und geeignete organisatorische und technische Massnahmen um den Datenschutz und die Datensicherheit zu gew\u00e4hrleisten.<\/p>\n\n\n\n<p>3.2 Der Zugriff auf unser Angebot erfolgt mittels Transportverschl\u00fcsselung (SSL \/ TLS).<\/p>\n\n\n\n<p>3.3 Die Bearbeitung von Personendaten im Internet kann trotz angemessenen und geeigneten organisatorischen und technischen Massnahmen immer Sicherheitsl\u00fccken aufweisen. Wir k\u00f6nnen deshalb keine absolute Datensicherheit gew\u00e4hrleisten.<\/p>\n\n\n\n<p>3.4 Der Zugriff auf unser Angebot unterliegt \u2013 wie grunds\u00e4tzlich jede Internet-Nutzung \u2013 der anlasslosen und verdachtsunabh\u00e4ngigen Massen\u00fcberwachung sowie sonstigen \u00dcberwachung durch Sicherheitsbeh\u00f6rden in der Schweiz, in der EU, in den Vereinigten Staaten von Amerika (USA) und in anderen Staaten. Wir k\u00f6nnen keinen direkten Einfluss auf die entsprechende Bearbeitung von Personendaten durch Geheimdienste, Polizeistellen und andere Sicherheitsbeh\u00f6rden nehmen.<\/p>\n\n\n\n<p><strong>4 Cookies, Logdateien und Z\u00e4hlpixel<\/strong><\/p>\n\n\n\n<p>4.1 F\u00fcr jeden Besuch auf unserer Website erfassen wir folgende Daten, sofern diese von Ihrem Browser an unsere Server-Infrastruktur \u00fcbermittelt werden, und speichern diese Daten in <strong>Logdateien<\/strong>:<\/p>\n\n\n\n<ul><li>Datum und Zeit einschliesslich Zeitzone<\/li><li>Internet Protocol (IP)-Adresse<\/li><li>Zugriffsstatus (HTTP-Statuscode)<\/li><li>Betriebssystem einschliesslich Benutzeroberfl\u00e4che und Version<\/li><li>Browser einschliesslich Sprache und Version<\/li><li>aufgerufene einzelne Seite und \u00fcbertragene Datenmenge<\/li><li>zuletzt aufgerufene Webseite (Referer)<\/li><\/ul>\n\n\n\n<p>Solche Daten k\u00f6nnen Personendaten darstellen. Die Daten sind erforderlich, um unser Angebot dauerhaft, sicher und zuverl\u00e4ssig bereitstellen sowie um die Datensicherheit und damit insbesondere den Schutz von Personendaten sicherstellen zu k\u00f6nnen \u2013 auch durch Dritte oder mit Hilfe von Dritten.<\/p>\n\n\n\n<p>4.2 Wir verwenden <strong>Cookies<\/strong> auf unserer Website. Bei Cookies \u2013 auch von Dritten, deren Dienste wir nutzen (Third-Party Cookies) \u2013 handelt es sich um Textdateien, die in Ihrem Browser gespeichert werden. Cookies k\u00f6nnen beim Besuch unserer Website in Ihrem Browser gespeichert werden. Cookies erm\u00f6glichen insbesondere, Ihren Browser beim n\u00e4chsten Besuch unserer Website wiederzuerkennen. Cookies k\u00f6nnen keine Programme ausf\u00fchren oder Schadsoftware wie Trojaner und Viren \u00fcbertragen. Cookies sind erforderlich, um unser Angebot einschliesslich unserer Website effektiv und nutzerfreundlich sowie dauerhaft, sicher und zuverl\u00e4ssig bereitstellen zu k\u00f6nnen, insbesondere durch die Analyse der Nutzung im Hinblick auf Fehlerbehebung und Verbesserungen.<\/p>\n\n\n\n<p>Sie k\u00f6nnen Cookies in Ihren Browser-Einstellungen jederzeit ganz oder teilweise deaktivieren sowie l\u00f6schen. Ohne Cookies steht unser Angebot allenfalls nicht mehr in vollem Umfang zur Verf\u00fcgung. Wir informieren \u2013 sofern und soweit erforderlich \u2013 direkt \u00fcber die Verwendung von Cookies oder ersuchen Sie direkt um die Einwilligung von Cookies.<\/p>\n\n\n\n<p>4.3 Wir verwenden <strong>Z\u00e4hlpixel<\/strong> auf unserer Website. Bei Z\u00e4hlpixeln \u2013 auch von Dritten, deren Dienste wir nutzen \u2013 handelt es sich um kleine Bilder, die beim Besuch unserer Website abgerufen werden. Mit Z\u00e4hlpixeln k\u00f6nnen die gleichen Daten erfasst werden, die von Ihrem Browser an unsere Server-Infrastruktur \u00fcbermittelt werden. Z\u00e4hlpixel sind erforderlich, um unser Angebot einschliesslich unserer Website effektiv und nutzerfreundlich sowie dauerhaft, sicher und zuverl\u00e4ssig bereitstellen zu k\u00f6nnen, insbesondere durch die Analyse der Nutzung im Hinblick auf Fehlerbehebung und Verbesserungen.<\/p>\n\n\n\n<p><strong>5 Kommentare und sonstige Beitr\u00e4ge<\/strong><\/p>\n\n\n\n<p>Wir erm\u00f6glichen Ihnen mit unserem Angebot die Ver\u00f6ffentlichung von Kommentaren und sonstigen Beitr\u00e4gen. In diesem Rahmen bearbeiten wir insbesondere jene Angaben, die eine betroffene Person selbst \u00fcbermittelt, aber auch die verwendete IP-Adresse sowie Datum und Zeit. Wir ben\u00f6tigen diese Angaben, um Kommentare und sonstige Beitr\u00e4ge ver\u00f6ffentlichen sowie den Schutz vor Missbrauch sicherstellen zu k\u00f6nnen.<\/p>\n\n\n\n<p><strong>6 Benachrichtigungen und Newsletter<\/strong><\/p>\n\n\n\n<p>6.1 Wir k\u00f6nnen Benachrichtigungen und Newsletter per E-Mail sowie \u00fcber andere Kommunikationskan\u00e4le versenden. Sofern und soweit der Versand nicht erforderlich ist, um einen Vertrag mit der betroffenen Person zu erf\u00fcllen oder um unsere \u00fcberwiegenden berechtigten Interessen zu wahren, m\u00fcssen Sie in die Verwendung Ihrer E-Mail-Adresse und Ihrer sonstigen Kontaktadressen ausdr\u00fccklich einwilligen, damit kein Missbrauch durch unberechtigte Dritte erfolgen kann (\u00abDouble Opt-in\u00bb). Wir k\u00f6nnen Benachrichtigungen und Newsletter durch Dritte versenden lassen oder mit Hilfe von Dritten versenden.<\/p>\n\n\n\n<p>6.2 Benachrichtigungen und Newsletter k\u00f6nnen Z\u00e4hlpixel oder Weblinks enthalten, die erfassen, ob eine einzelne Benachrichtigung oder ein einzelner Newsletter ge\u00f6ffnet wurde und welche Weblinks dabei angeklickt wurden. Solche Z\u00e4hlpixel und Weblinks erfassen die Nutzung von Benachrichtigungen und Newslettern. Wir ben\u00f6tigen diese statistische Erfassung der Nutzung einschliesslich Erfolgs- und Reichweitenmessung, um Benachrichtigungen und Newsletter aufgrund der Lesegewohnheiten der Empf\u00e4ngerinnen und Empf\u00e4nger effektiv und nutzerfreundlich sowie dauerhaft, sicher und zuverl\u00e4ssig anbieten zu k\u00f6nnen.<\/p>\n\n\n\n<p>6.3 Sie k\u00f6nnen sich jederzeit von Benachrichtigungen sowie Newslettern abmelden und dadurch insbesondere der erw\u00e4hnten Erfassung der Nutzung widersprechen.<\/p>\n\n\n\n<p><strong>7 Dienste von Dritten<\/strong><\/p>\n\n\n\n<p>7.1 Wir verwenden Dienste von Dritten \u2013 auch im Ausland einschliesslich den Vereinigten Staaten von Amerika (USA) \u2013, um unser Angebot effektiv und nutzerfreundlich sowie dauerhaft, sicher und zuverl\u00e4ssig bereitstellen zu k\u00f6nnen. Solche Dienste \u2013 unter anderem Hosting- und Speicherdienste sowie Zahlungsdienste \u2013&nbsp;ben\u00f6tigen Ihre Internet Protocol (IP)-Adresse, da die entsprechenden Inhalte ansonsten nicht ausgeliefert oder bereitgestellt werden k\u00f6nnen. Solche Dienste k\u00f6nnen \u2013 unter anderem mit Cookies, Logdateien und Z\u00e4hlpixeln \u2013 auch weitere Daten im Zusammenhang mit unserem Angebot und in Verbindung mit Informationen aus anderen Quellen f\u00fcr ihre eigenen statistischen und technischen Zwecke bearbeiten.<\/p>\n\n\n\n<p>7.2 Wir verwenden <strong>Facebook Pixel,<\/strong> um Besucherinnen und Besucher unserer Website als Zielgruppe f\u00fcr Werbung bei Facebook bestimmen zu k\u00f6nnen. Wir k\u00f6nnen dadurch Werbung bei Facebook auf Personen beschr\u00e4nken, die sich f\u00fcr unser Angebot einschliesslich unserer Website interessieren oder unser Angebot einschliesslich Website nutzen, wof\u00fcr wir entsprechende Angaben an Facebook \u00fcbermitteln (<strong>Custom Audiences<\/strong> einschliesslich <strong>Lookalike Audiences<\/strong>). Wir k\u00f6nnen ausserdem feststellen, ob unsere Werbung bei Facebook erfolgreich ist und damit zu entsprechenden Besuchen auf unserer Website f\u00fchrt <strong>(Conversion Tracking)<\/strong>. Dabei kommen auch Cookies zum Einsatz. Bestehende Nutzerinnen und Nutzer von Facebook haben ausserdem die M\u00f6glichkeit, ihr entsprechendes Nutzerkonto zu verwenden, um sich f\u00fcr unser Angebot freiwillig zu registrieren <strong>(\u00abSocial Login\u00bb)<\/strong>.<\/p>\n\n\n\n<p>Sie k\u00f6nnen der Erfassung durch Facebook Pixel \u00fcber folgende Websites widersprechen: <a href=\"http:\/\/optout.networkadvertising.org\/\" target=\"_blank\" rel=\"noreferrer noopener\">http:\/\/optout.networkadvertising.org\/<\/a>, <a href=\"http:\/\/optout.aboutads.info\/\" target=\"_blank\" rel=\"noreferrer noopener\">http:\/\/optout.aboutads.info\/<\/a> und <a href=\"http:\/\/www.youronlinechoices.com\/ch-de\/\" target=\"_blank\" rel=\"noreferrer noopener\">http:\/\/www.youronlinechoices.com\/ch-de\/<\/a>.<\/p>\n\n\n\n<p>Facebook Pixel, Custom Audiences und Conversion Tracking sowie der \u00abSocial Login\u00bb sind Dienste der amerikanischen Facebook Inc. beziehungsweise der Facebook Ireland Ltd. in Irland f\u00fcr betroffene Personen in Europa. Facebook unterliegt sowohl dem EU-amerikanischen als auch dem schweizerisch-amerikanischen Privacy Shield, womit sich Facebook verpflichtet, einen angemessenen Datenschutz zu gew\u00e4hrleisten. Facebook hat insbesondere folgende Informationen zu Art, Umfang und Zweck der Datenbearbeitung im Zusammenhang mit Facebook Pixel, Custom Audiences und Conversion Tracking ver\u00f6ffentlicht: Datenrichtlinie, Informationen zur Funktionsweise von Facebook Pixel, Informationen zur Funktionsweise von Custom Audiences, Informationen zur Funktionsweise von Conversion Tracking, Eintrag in der Privacy Shield-Liste.<\/p>\n\n\n\n<p>7.3 Wir verwenden <strong>Google AdWords<\/strong>, um Werbung f\u00fcr unser Angebot gezielt und dabei vor allem auf anderen Websites anzeigen lassen zu k\u00f6nnen, insbesondere gegen\u00fcber Personen, die sich f\u00fcr unser Angebot einschliesslich unserer Website interessieren oder unser Angebot einschliesslich unserer Website nutzen, wof\u00fcr wir entsprechende \u2013 auch personenbezogene \u2013 Angaben an Google \u00fcbermitteln <strong>(Remarketing)<\/strong>. Dabei kommen auch Cookies zum Einsatz. Google verwendet verschiedene Domainnamen \u2013 unter anderem doublelick.net, googleadservices.com und googlesyndication.com \u2013 f\u00fcr Google AdWords. Wir verwenden ausserdem den <strong>Google Tag Manager, <\/strong>um Google AdWords sowie andere Dienste von Google als auch von Dritten in unsere Website einbetten und verwalten zu k\u00f6nnen. Google bearbeitet die \u00fcbermittelten Angaben und weitere Daten in diesem Zusammenhang pseudonym, das heisst aus Sicht von Google werden pseudonyme Profile und nicht Profile von einzelnen tats\u00e4chlich identifizierten Personen verwaltet, es sei denn, die entsprechende Person hat Google ausdr\u00fccklich erlaubt, die Bearbeitung ohne Pseudonymisierung durchzuf\u00fchren.<\/p>\n\n\n\n<p>Sie k\u00f6nnen der interessensbezogenen Werbung durch Google widersprechen, indem Sie die entsprechenden Einstellungsm\u00f6glichkeiten von Google nutzen.<\/p>\n\n\n\n<p>Google AdWords ist ein Dienst der amerikanischen Google LLC. Google unterliegt sowohl dem EU-amerikanischen als auch dem schweizerisch-amerikanischen Privacy Shield, womit sich Google verpflichtet, einen angemessenen Datenschutz zu gew\u00e4hrleisten. Google hat insbesondere folgende Informationen zu Art, Umfang und Zweck der Datenbearbeitung im Zusammenhang mit Google AdWords ver\u00f6ffentlicht: Datenschutz und personalisierte Anzeigen, Datenschutzerkl\u00e4rung und Nutzungsbedingungen, Eintrag in der Privacy Shield-Liste.<\/p>\n\n\n\n<p>7.4 Wir verwenden <strong>Google Analytics,<\/strong> um die Nutzung unseres Angebots analysieren zu lassen, wobei wir die erfassten IP-Adressen vor der Analyse anonymisieren lassen. Bei Google Analytics kommen auch Cookies zum Einsatz.<\/p>\n\n\n\n<p>Google Analytics ist ein Dienst der amerikanischen Google LLC. Wir ben\u00f6tigen diesen Dienst, um unser Angebot einschliesslich unserer Website effektiv und nutzerfreundlich sowie dauerhaft, sicher und zuverl\u00e4ssig bereitstellen zu k\u00f6nnen, insbesondere durch die Analyse der Nutzung einschliesslich Erfolgs- und Reichweitenmessung im Hinblick auf Fehlerbehebung und Verbesserungen. Wir k\u00f6nnen ausserdem feststellen, ob unsere Werbung im Internet erfolgreich ist und damit zu entsprechenden Besuchen auf unserer Website f\u00fchrt <strong>(Conversion Tracking)<\/strong>. Dabei kommen auch Cookies zum Einsatz. Sie k\u00f6nnen der statistischen Erfassung durch Google Analytics mit dem \u00abBrowser Add-on zur Deaktivierung von Google Analytics\u00bb widersprechen.<\/p>\n\n\n\n<p>Google unterliegt sowohl dem EU-amerikanischen als auch dem schweizerisch-amerikanischen Privacy Shield, womit sich Google verpflichtet, einen angemessenen Datenschutz zu gew\u00e4hrleisten. Google hat insbesondere folgende Informationen zu Art, Umfang und Zweck der Datenbearbeitung im Zusammenhang mit Google Analytics ver\u00f6ffentlicht: Google Analytics-Bedingungen, Datenschutzerkl\u00e4rung und Nutzungsbedingungen, Eintrag in der Privacy Shield-Liste.<\/p>\n\n\n\n<p>7.5 Wir verwenden <strong>Google Fonts,<\/strong> um ausgew\u00e4hlte Schriftarten in unsere Website einbetten zu k\u00f6nnen. Google Fonts ist ein Dienst der amerikanischen Google LLC. Google unterliegt sowohl dem EU-amerikanischen als auch dem schweizerisch-amerikanischen Privacy Shield, womit sich Google verpflichtet, einen angemessenen Datenschutz zu gew\u00e4hrleisten. Google hat insbesondere folgende Informationen zu Art, Umfang und Zweck der Datenbearbeitung im Zusammenhang mit Google Fonts ver\u00f6ffentlicht: Datenschutz bei Google Fonts, Datenschutzerkl\u00e4rung und Nutzungsbedingungen, Eintrag in der Privacy Shield-Liste.<\/p>\n\n\n\n<p>7.6 Wir verwenden <strong>Google Maps, <\/strong>um Karten in unsere Website einbetten zu k\u00f6nnen. Google Maps ist ein Dienst der amerikanischen Google LLC. Google unterliegt sowohl dem EU-amerikanischen als auch dem schweizerisch-amerikanischen Privacy Shield, womit sich Google verpflichtet, einen angemessenen Datenschutz zu gew\u00e4hrleisten. Google hat insbesondere folgende Informationen zu Art, Umfang und Zweck der Datenbearbeitung im Zusammenhang mit Google Maps ver\u00f6ffentlicht: Datenschutz bei Google-Produkten einschliesslich Google Maps, Datenschutzerkl\u00e4rung und Nutzungsbedingungen, Eintrag in der Privacy Shield-Liste.<\/p>\n\n\n\n<p>7.7 Wir verwenden <strong>YouTube, <\/strong>um Videos in unsere Website einbetten zu k\u00f6nnen. Bei Besucherinnen und Besuchern unserer Website, die bei YouTube registriert sind, kann YouTube die abgespielten Inhalte diesen Besucherinnen und Besuchern zuordnen. Bei YouTube k\u00f6nnen auch Cookies zum Einsatz kommen.<\/p>\n\n\n\n<p>YouTube ist ein Dienst der amerikanischen Google LLC. Google unterliegt sowohl dem EU-amerikanischen als auch dem schweizerisch-amerikanischen Privacy Shield, womit sich Google verpflichtet, einen angemessenen Datenschutz zu gew\u00e4hrleisten. Google hat insbesondere folgende Informationen zu Art, Umfang und Zweck der Datenbearbeitung im Zusammenhang mit YouTube ver\u00f6ffentlicht: Datenschutz bei Google-Produkten einschliesslich YouTube, Datenschutzerkl\u00e4rung und Nutzungsbedingungen, Eintrag in der Privacy Shield-Liste.<\/p>\n\n\n\n<p><strong>8 Verwendung von Social Plugins \/ Social Widgets<\/strong><\/p>\n\n\n\n<p>8.1 Wir verwenden sogenannte <strong>Social Plugins \/ Social Widgets,<\/strong> das heisst wir betten Inhalte \u2013 insbesondere unsere eigenen Inhalte \u2013 sowie Schaltfl\u00e4chen von sozialen Netzwerken wie Facebook, Instagram und Twitter in unsere Website ein. Die betreffenden sozialen Netzwerke ben\u00f6tigen \u2013 wie auch andere Dienste von Dritten \u2013 Ihre Internet Protocol (IP)-Adresse, da die entsprechenden Inhalte und Schaltfl\u00e4chen ansonsten nicht ausgeliefert oder bereitgestellt werden k\u00f6nnen. Die betreffenden sozialen Netzwerke k\u00f6nnen \u2013 unter anderem mit Cookies, Logdateien und Z\u00e4hlpixeln \u2013 auch weitere Daten im Zusammenhang mit unserem Angebot und in Verbindung mit Informationen aus anderen Quellen f\u00fcr ihre eigenen statistischen und technischen Zwecke bearbeiten.<\/p>\n\n\n\n<p>8.2 Wir verwenden nur Social Plugins \/ Social Widgets von sozialen Netzwerken, bei denen ein angemessener Datenschutz gew\u00e4hrleistet ist, weil sie dem schweizerischem Datenschutzrecht oder der DSGVO unterliegen, oder weil sie sich gem\u00e4ss dem EU-amerikanischen und schweizerisch-amerikanischen Privacy Shield oder auf einem anderen Weg verpflichtet haben, einen angemessenen Datenschutz zu gew\u00e4hrleisten. Es gelten die Allgemeinen Gesch\u00e4ftsbedingungen (AGB), Datenschutzerkl\u00e4rungen und sonstigen Bestimmungen, die jeweils \u00fcber die eingebetteten Inhalte und Schaltfl\u00e4chen der einzelnen sozialen Netzwerke zug\u00e4nglich sind.<\/p>\n\n\n\n<p><strong>9 Rechte von betroffenen Personen<\/strong><\/p>\n\n\n\n<p>9.1 Betroffene Personen, deren Personendaten wir bearbeiten, verf\u00fcgen \u00fcber die Rechte gem\u00e4ss schweizerischem Datenschutzrecht. Dazu z\u00e4hlen das Recht auf Auskunft sowie das Recht auf Berichtigung, L\u00f6schung oder Sperrung der bearbeiteten Personendaten.<\/p>\n\n\n\n<p>9.2 Betroffene Personen, deren Personendaten wir bearbeiten, sofern und soweit die DSGVO anwendbar ist, k\u00f6nnen unentgeltlich eine Best\u00e4tigung, ob wir ihre Personendaten bearbeiten und, falls ja, Auskunft \u00fcber die Bearbeitung ihrer Personendaten verlangen, die Bearbeitung ihrer Personendaten einschr\u00e4nken lassen, ihr Recht auf Daten\u00fcbertragbarkeit wahrnehmen sowie ihre Personendaten berichtigen, l\u00f6schen (\u00abRecht auf Vergessenwerden\u00bb) oder sperren lassen.<\/p>\n\n\n\n<p>9.3 Betroffene Personen, deren Personendaten wir bearbeiten, sofern und soweit die DSGVO anwendbar ist, k\u00f6nnen erteilte Einwilligungen jederzeit widerrufen und jederzeit Widerspruch gegen die Bearbeitung ihrer Personendaten erheben.<\/p>\n\n\n\n<p>9.4 Betroffene Personen, deren Personendaten wir bearbeiten, verf\u00fcgen \u00fcber ein Beschwerderecht bei einer zust\u00e4ndigen Aufsichtsbeh\u00f6rde. Aufsichtsbeh\u00f6rde f\u00fcr den Datenschutz in der Schweiz ist der Eidgen\u00f6ssische Datenschutz- und \u00d6ffentlichkeitsbeauftragte (ED\u00d6B).<\/p>\n\n\n\n<p><strong>10 Kontaktadressen<\/strong><\/p>\n\n\n\n<p>10.1 Anfragen von Aufsichtsbeh\u00f6rden und betroffenen Personen erreichen uns in der Regel per E-Mail, sind aber auch per Briefpost m\u00f6glich:<\/p>\n\n\n\n<p><strong>Firma<\/strong><\/p>\n\n\n\n<p>Post-Adresse<\/p>\n\n\n\n<p>E-Mail-Adresse<\/p>\n","protected":false},"excerpt":{"rendered":"<p>meine-website.ch ist ein Angebot der Firma XY. Mit dieser Datenschutzerkl\u00e4rung informieren wir \u00fcber die Bearbeitung von Personendaten im Zusammenhang mit unserem Angebot. Wir k\u00f6nnen unsere Datenschutzerkl\u00e4rung jederzeit \u00e4ndern. Wir informieren \u00fcber solche \u00c4nderungen in geeigneter Form auf unserer Website. Unser Angebot unterliegt dem schweizerischen Datenschutzrecht sowie allenfalls anwendbarem ausl\u00e4ndischem Datenschutzrecht wie beispielsweise jenem der Europ\u00e4ischen [&hellip;]<\/p>\n","protected":false},"author":1,"featured_media":0,"parent":0,"menu_order":0,"comment_status":"closed","ping_status":"closed","template":"","meta":[],"_links":{"self":[{"href":"https:\/\/ein-klang-sein.ch\/index.php?rest_route=\/wp\/v2\/pages\/67"}],"collection":[{"href":"https:\/\/ein-klang-sein.ch\/index.php?rest_route=\/wp\/v2\/pages"}],"about":[{"href":"https:\/\/ein-klang-sein.ch\/index.php?rest_route=\/wp\/v2\/types\/page"}],"author":[{"embeddable":true,"href":"https:\/\/ein-klang-sein.ch\/index.php?rest_route=\/wp\/v2\/users\/1"}],"replies":[{"embeddable":true,"href":"https:\/\/ein-klang-sein.ch\/index.php?rest_route=%2Fwp%2Fv2%2Fcomments&post=67"}],"version-history":[{"count":0,"href":"https:\/\/ein-klang-sein.ch\/index.php?rest_route=\/wp\/v2\/pages\/67\/revisions"}],"wp:attachment":[{"href":"https:\/\/ein-klang-sein.ch\/index.php?rest_route=%2Fwp%2Fv2%2Fmedia&parent=67"}],"curies":[{"name":"wp","href":"https:\/\/api.w.org\/{rel}","templated":true}]}}