{"id":222,"date":"2021-01-28T11:44:41","date_gmt":"2021-01-28T10:44:41","guid":{"rendered":"https:\/\/kvlu20.ccee.ch\/kellerrita\/?page_id=222"},"modified":"2021-01-28T11:44:41","modified_gmt":"2021-01-28T10:44:41","slug":"energetische-behandlung","status":"publish","type":"page","link":"https:\/\/ein-klang-sein.ch\/?page_id=222","title":{"rendered":"Energetische Behandlung"},"content":{"rendered":"\n<p>Die energetische Heilmethode ist eine sanfte Behandlung. Dabei werden die nat\u00fcrlichen Energien im K\u00f6rper harmonisiert. Heilungsvorg\u00e4nge im ganzheitlichen Sinne werden eingeleitet und beschleunigt, die Lebensenergie kann wieder frei fliessen. Gesundheit und Vitalit\u00e4t stellen sich wieder ein.<br>Diese Behandlung eignet sich ideal in Kombination mit medizinischen und anderen komplement\u00e4ren Methoden.<\/p>\n\n\n\n<div style=\"height:100px\" aria-hidden=\"true\" class=\"wp-block-spacer\"><\/div>\n\n\n\n<div class=\"wp-block-image\"><figure class=\"aligncenter size-large is-resized\"><img loading=\"lazy\" src=\"http:\/\/ein-klang-sein.ch\/wp-content\/uploads\/2021\/01\/Wassertropfen-1-1024x679.jpg\" alt=\"\" class=\"wp-image-228\" width=\"427\" height=\"283\" srcset=\"https:\/\/ein-klang-sein.ch\/wp-content\/uploads\/2021\/01\/Wassertropfen-1-1024x679.jpg 1024w, https:\/\/ein-klang-sein.ch\/wp-content\/uploads\/2021\/01\/Wassertropfen-1-600x398.jpg 600w, https:\/\/ein-klang-sein.ch\/wp-content\/uploads\/2021\/01\/Wassertropfen-1-300x199.jpg 300w, https:\/\/ein-klang-sein.ch\/wp-content\/uploads\/2021\/01\/Wassertropfen-1-768x510.jpg 768w, https:\/\/ein-klang-sein.ch\/wp-content\/uploads\/2021\/01\/Wassertropfen-1-1536x1019.jpg 1536w, https:\/\/ein-klang-sein.ch\/wp-content\/uploads\/2021\/01\/Wassertropfen-1.jpg 1920w\" sizes=\"(max-width: 427px) 100vw, 427px\" \/><\/figure><\/div>\n\n\n\n<div style=\"height:100px\" aria-hidden=\"true\" class=\"wp-block-spacer\"><\/div>\n","protected":false},"excerpt":{"rendered":"<p>Die energetische Heilmethode ist eine sanfte Behandlung. Dabei werden die nat\u00fcrlichen Energien im K\u00f6rper harmonisiert. Heilungsvorg\u00e4nge im ganzheitlichen Sinne werden eingeleitet und beschleunigt, die Lebensenergie kann wieder frei fliessen. Gesundheit und Vitalit\u00e4t stellen sich wieder ein.Diese Behandlung eignet sich ideal in Kombination mit medizinischen und anderen komplement\u00e4ren Methoden.<\/p>\n","protected":false},"author":1,"featured_media":0,"parent":0,"menu_order":0,"comment_status":"closed","ping_status":"closed","template":"","meta":[],"_links":{"self":[{"href":"https:\/\/ein-klang-sein.ch\/index.php?rest_route=\/wp\/v2\/pages\/222"}],"collection":[{"href":"https:\/\/ein-klang-sein.ch\/index.php?rest_route=\/wp\/v2\/pages"}],"about":[{"href":"https:\/\/ein-klang-sein.ch\/index.php?rest_route=\/wp\/v2\/types\/page"}],"author":[{"embeddable":true,"href":"https:\/\/ein-klang-sein.ch\/index.php?rest_route=\/wp\/v2\/users\/1"}],"replies":[{"embeddable":true,"href":"https:\/\/ein-klang-sein.ch\/index.php?rest_route=%2Fwp%2Fv2%2Fcomments&post=222"}],"version-history":[{"count":0,"href":"https:\/\/ein-klang-sein.ch\/index.php?rest_route=\/wp\/v2\/pages\/222\/revisions"}],"wp:attachment":[{"href":"https:\/\/ein-klang-sein.ch\/index.php?rest_route=%2Fwp%2Fv2%2Fmedia&parent=222"}],"curies":[{"name":"wp","href":"https:\/\/api.w.org\/{rel}","templated":true}]}}