{"id":204,"date":"2021-01-28T09:53:13","date_gmt":"2021-01-28T08:53:13","guid":{"rendered":"https:\/\/kvlu20.ccee.ch\/kellerrita\/?page_id=204"},"modified":"2021-01-28T09:53:13","modified_gmt":"2021-01-28T08:53:13","slug":"klangmassage","status":"publish","type":"page","link":"https:\/\/ein-klang-sein.ch\/?page_id=204","title":{"rendered":"Klangmassage"},"content":{"rendered":"\n<p>Bei einer Klangmassage werden die Schalen auf den bekleideten K\u00f6rper gelegt und sanft angeschlagen. Durch die obertonreichen Kl\u00e4nge und die sanften Vibrationen der Schalen werden Blockaden gel\u00f6st und es tritt ein tiefe Entspannung ein. <br>Die erzeugten Schallwellen breiten sich im ganzen K\u00f6rper aus, da dieser aus mehr als 75% Wasser besteht. Jeder der \u00fcber 100 Billionen Zellen wird zum Schwingen angeregt. Auf diese Weise k\u00f6nnen K\u00f6rper, Geist und Seele in <strong>Ein-Klang<\/strong> kommen. <\/p>\n\n\n\n<p><strong>Die Klangmassage hilft u.a. bei:<\/strong><\/p>\n\n\n\n<ul><li>Muskelverspannungen<\/li><li>Stress<\/li><li>Nervosit\u00e4t<\/li><li>Schlafst\u00f6rungen<\/li><li>Kopfschmerzen<\/li><li>R\u00fcckenschmerzen<\/li><\/ul>\n\n\n\n<p>Eine Klangmassage eignet sich auch hervorragend als Geschenk. Gutscheine finden Sie hier: <a href=\"https:\/\/kvlu20.ccee.ch\/kellerrita\/produkt\/gutschein-fuer-klangmassage\/\">Klangmassagegutschein<\/a><\/p>\n\n\n\n<div style=\"height:100px\" aria-hidden=\"true\" class=\"wp-block-spacer\"><\/div>\n\n\n\n<div class=\"wp-block-image\"><figure class=\"aligncenter size-large is-resized\"><img loading=\"lazy\" src=\"http:\/\/ein-klang-sein.ch\/wp-content\/uploads\/2021\/01\/cropped-Klangschalen_am_Wasser.jpg\" alt=\"\" class=\"wp-image-57\" width=\"333\" height=\"333\" srcset=\"https:\/\/ein-klang-sein.ch\/wp-content\/uploads\/2021\/01\/cropped-Klangschalen_am_Wasser.jpg 512w, https:\/\/ein-klang-sein.ch\/wp-content\/uploads\/2021\/01\/cropped-Klangschalen_am_Wasser-300x300.jpg 300w, https:\/\/ein-klang-sein.ch\/wp-content\/uploads\/2021\/01\/cropped-Klangschalen_am_Wasser-150x150.jpg 150w, https:\/\/ein-klang-sein.ch\/wp-content\/uploads\/2021\/01\/cropped-Klangschalen_am_Wasser-100x100.jpg 100w\" sizes=\"(max-width: 333px) 100vw, 333px\" \/><\/figure><\/div>\n\n\n\n<div style=\"height:100px\" aria-hidden=\"true\" class=\"wp-block-spacer\"><\/div>\n","protected":false},"excerpt":{"rendered":"<p>Bei einer Klangmassage werden die Schalen auf den bekleideten K\u00f6rper gelegt und sanft angeschlagen. Durch die obertonreichen Kl\u00e4nge und die sanften Vibrationen der Schalen werden Blockaden gel\u00f6st und es tritt ein tiefe Entspannung ein. Die erzeugten Schallwellen breiten sich im ganzen K\u00f6rper aus, da dieser aus mehr als 75% Wasser besteht. Jeder der \u00fcber 100 [&hellip;]<\/p>\n","protected":false},"author":1,"featured_media":0,"parent":0,"menu_order":0,"comment_status":"closed","ping_status":"closed","template":"","meta":[],"_links":{"self":[{"href":"https:\/\/ein-klang-sein.ch\/index.php?rest_route=\/wp\/v2\/pages\/204"}],"collection":[{"href":"https:\/\/ein-klang-sein.ch\/index.php?rest_route=\/wp\/v2\/pages"}],"about":[{"href":"https:\/\/ein-klang-sein.ch\/index.php?rest_route=\/wp\/v2\/types\/page"}],"author":[{"embeddable":true,"href":"https:\/\/ein-klang-sein.ch\/index.php?rest_route=\/wp\/v2\/users\/1"}],"replies":[{"embeddable":true,"href":"https:\/\/ein-klang-sein.ch\/index.php?rest_route=%2Fwp%2Fv2%2Fcomments&post=204"}],"version-history":[{"count":0,"href":"https:\/\/ein-klang-sein.ch\/index.php?rest_route=\/wp\/v2\/pages\/204\/revisions"}],"wp:attachment":[{"href":"https:\/\/ein-klang-sein.ch\/index.php?rest_route=%2Fwp%2Fv2%2Fmedia&parent=204"}],"curies":[{"name":"wp","href":"https:\/\/api.w.org\/{rel}","templated":true}]}}